{"id":98,"date":"2013-02-10T22:49:27","date_gmt":"2013-02-10T22:49:27","guid":{"rendered":"http:\/\/ginfl.synology.me\/wordpress\/?page_id=98"},"modified":"2013-09-30T20:45:46","modified_gmt":"2013-09-30T19:45:46","slug":"anfahrt","status":"publish","type":"page","link":"https:\/\/www2.tb-hanel.at\/wordpress\/?page_id=98","title":{"rendered":"Anfahrt"},"content":{"rendered":"<p>Unsere B\u00fcror\u00e4umlichkeiten in der Resselstrasse 41 liegen westlich des Tivolistadions und der Olympiaworld und sind am einfachsten durch die Autobahnanschlusstelle Innsbruck-Mitte oder \u00fcber den Innsbrucker S\u00fcdring (Olympiastrasse) zu erreichen.<\/p>\n<p><iframe loading=\"lazy\" src=\"https:\/\/maps.google.de\/maps?f=q&amp;source=s_q&amp;hl=de&amp;geocode=&amp;q=resselstrasse+41&amp;aq=&amp;sll=51.151786,10.415039&amp;sspn=9.058835,25.378418&amp;t=m&amp;ie=UTF8&amp;hq=&amp;hnear=Resselstra%C3%9Fe+41,+Pradl+6020+Innsbruck,+Tirol,+%C3%96sterreich&amp;ll=47.259194,11.412649&amp;spn=0.023301,0.042915&amp;z=14&amp;output=embed\" height=\"400\" width=\"500\" frameborder=\"0\" marginwidth=\"0\" marginheight=\"0\" scrolling=\"no\"><\/iframe><\/p>\n<p><small><a style=\"color: #0000ff; text-align: left;\" href=\"https:\/\/maps.google.de\/maps?f=q&amp;source=embed&amp;hl=de&amp;geocode=&amp;q=resselstrasse+41&amp;aq=&amp;sll=51.151786,10.415039&amp;sspn=9.058835,25.378418&amp;t=m&amp;ie=UTF8&amp;hq=&amp;hnear=Resselstra%C3%9Fe+41,+Pradl+6020+Innsbruck,+Tirol,+%C3%96sterreich&amp;ll=47.259194,11.412649&amp;spn=0.023301,0.042915&amp;z=14\">Gr\u00f6\u00dfere Kartenansicht<\/a><\/small><\/p>\n","protected":false},"excerpt":{"rendered":"<p>Unsere B\u00fcror\u00e4umlichkeiten in der Resselstrasse 41 liegen westlich des Tivolistadions und der Olympiaworld und sind am einfachsten durch die Autobahnanschlusstelle Innsbruck-Mitte oder \u00fcber den Innsbrucker S\u00fcdring (Olympiastrasse) zu erreichen. Gr\u00f6\u00dfere Kartenansicht<\/p>\n","protected":false},"author":1,"featured_media":0,"parent":0,"menu_order":2,"comment_status":"closed","ping_status":"closed","template":"showcase.php","meta":[],"_links":{"self":[{"href":"https:\/\/www2.tb-hanel.at\/wordpress\/index.php?rest_route=\/wp\/v2\/pages\/98"}],"collection":[{"href":"https:\/\/www2.tb-hanel.at\/wordpress\/index.php?rest_route=\/wp\/v2\/pages"}],"about":[{"href":"https:\/\/www2.tb-hanel.at\/wordpress\/index.php?rest_route=\/wp\/v2\/types\/page"}],"author":[{"embeddable":true,"href":"https:\/\/www2.tb-hanel.at\/wordpress\/index.php?rest_route=\/wp\/v2\/users\/1"}],"replies":[{"embeddable":true,"href":"https:\/\/www2.tb-hanel.at\/wordpress\/index.php?rest_route=%2Fwp%2Fv2%2Fcomments&post=98"}],"version-history":[{"count":8,"href":"https:\/\/www2.tb-hanel.at\/wordpress\/index.php?rest_route=\/wp\/v2\/pages\/98\/revisions"}],"predecessor-version":[{"id":593,"href":"https:\/\/www2.tb-hanel.at\/wordpress\/index.php?rest_route=\/wp\/v2\/pages\/98\/revisions\/593"}],"wp:attachment":[{"href":"https:\/\/www2.tb-hanel.at\/wordpress\/index.php?rest_route=%2Fwp%2Fv2%2Fmedia&parent=98"}],"curies":[{"name":"wp","href":"https:\/\/api.w.org\/{rel}","templated":true}]}}