{"id":74,"date":"2013-02-10T21:27:39","date_gmt":"2013-02-10T20:27:39","guid":{"rendered":"http:\/\/ginfl.synology.me\/wordpress\/?page_id=74"},"modified":"2013-09-30T20:06:44","modified_gmt":"2013-09-30T19:06:44","slug":"tatigkeitsbereich","status":"publish","type":"page","link":"https:\/\/www2.tb-hanel.at\/wordpress\/?page_id=74","title":{"rendered":"T\u00e4tigkeitsbereich"},"content":{"rendered":"<p align=\"left\"><strong>T\u00e4tigkeitsbereiche:<\/strong><\/p>\n<p align=\"justify\">Unser T\u00e4tigkeitsbereich\u00a0umfasst Bauvorhaben des Bundes- und Landeshochbaus, Projekte der Post und Telegraphendirektion, \u00f6ffentliche Bauten, Wohnbauprojekte, Krankenh\u00e4user, Alten- und Pflegeheime, Schulen, Arztpraxen sowie Hotels und Industriebauten. Jedoch auch Strassenbauprojekte wie Tunnels oder Mautstellen werden von uns projektiert.<br \/>\nIm Auftrag der \u00f6ffentlichen Hand, von Wohnbaugesellschaften, Gemeinden und der Industrie sowie Architekten, erledigt das Technische B\u00fcro Hanel seine Planungsauftr\u00e4ge zur vollsten Zufriedenheit der Kunden.<br \/>\nAuch die Ausbildung von jungen Mitarbeitern wird im TB-Hanel gro\u00df geschrieben. Seit seinem Bestehen werden Lehrlinge im kaufmannischen Bereich oder als technische Zeichner ausgebildet. Es wird ein gro\u00dfe Aufmerksamkeit auf die Ausbildung gelegt welches schon zu Auszeichnungen von im TB-Hanel ausgebildeten Lehrlingen f\u00fchrte.<br \/>\nF\u00fcr die Durchf\u00fchrung des\u00a0kompletten Planungsvorganges und f\u00fcr die Ausbildung der Lehrlinge steht modernste Computerinfrastruktur zur Verf\u00fcgung.<\/p>\n","protected":false},"excerpt":{"rendered":"<p>T\u00e4tigkeitsbereiche: Unser T\u00e4tigkeitsbereich\u00a0umfasst Bauvorhaben des Bundes- und Landeshochbaus, Projekte der Post und Telegraphendirektion, \u00f6ffentliche Bauten, Wohnbauprojekte, Krankenh\u00e4user, Alten- und Pflegeheime, Schulen, Arztpraxen sowie Hotels und Industriebauten. Jedoch auch Strassenbauprojekte wie Tunnels oder Mautstellen werden von uns projektiert. Im Auftrag der &hellip; <a href=\"https:\/\/www2.tb-hanel.at\/wordpress\/?page_id=74\">Weiterlesen <span class=\"meta-nav\">&rarr;<\/span><\/a><\/p>\n","protected":false},"author":1,"featured_media":0,"parent":26,"menu_order":0,"comment_status":"closed","ping_status":"closed","template":"showcase.php","meta":[],"_links":{"self":[{"href":"https:\/\/www2.tb-hanel.at\/wordpress\/index.php?rest_route=\/wp\/v2\/pages\/74"}],"collection":[{"href":"https:\/\/www2.tb-hanel.at\/wordpress\/index.php?rest_route=\/wp\/v2\/pages"}],"about":[{"href":"https:\/\/www2.tb-hanel.at\/wordpress\/index.php?rest_route=\/wp\/v2\/types\/page"}],"author":[{"embeddable":true,"href":"https:\/\/www2.tb-hanel.at\/wordpress\/index.php?rest_route=\/wp\/v2\/users\/1"}],"replies":[{"embeddable":true,"href":"https:\/\/www2.tb-hanel.at\/wordpress\/index.php?rest_route=%2Fwp%2Fv2%2Fcomments&post=74"}],"version-history":[{"count":1,"href":"https:\/\/www2.tb-hanel.at\/wordpress\/index.php?rest_route=\/wp\/v2\/pages\/74\/revisions"}],"predecessor-version":[{"id":557,"href":"https:\/\/www2.tb-hanel.at\/wordpress\/index.php?rest_route=\/wp\/v2\/pages\/74\/revisions\/557"}],"up":[{"embeddable":true,"href":"https:\/\/www2.tb-hanel.at\/wordpress\/index.php?rest_route=\/wp\/v2\/pages\/26"}],"wp:attachment":[{"href":"https:\/\/www2.tb-hanel.at\/wordpress\/index.php?rest_route=%2Fwp%2Fv2%2Fmedia&parent=74"}],"curies":[{"name":"wp","href":"https:\/\/api.w.org\/{rel}","templated":true}]}}