{"id":606,"date":"2013-10-02T19:55:04","date_gmt":"2013-10-02T18:55:04","guid":{"rendered":"http:\/\/www2.tb-hanel.at\/wordpress\/?page_id=606"},"modified":"2022-01-26T20:09:21","modified_gmt":"2022-01-26T19:09:21","slug":"refernzen","status":"publish","type":"page","link":"https:\/\/www2.tb-hanel.at\/wordpress\/?page_id=606","title":{"rendered":"Referenzen"},"content":{"rendered":"<p>Auf Grund unserer langj\u00e4hrigen Planungserfahrung d\u00fcrfen wir auf riesige Anzahl von Projekten zur\u00fcckblicken. Privater Wohnbau, gemeinn\u00fctziger Wohnbau, Krankenh\u00e4user, Altenheime, Schulen und Einkaufszentren bilden lediglich einen kleinen \u00dcberblick \u00fcber die im Laufe der letzten f\u00fcnfzig Jahren durchgef\u00fchrten Planungs-, und Bau\u00fcberwachungsaufgaben. Falls sie Interesse an weiteren Referenzprojekten haben sollten stehen wir Ihnen selbstverst\u00e4ndlich jeder Zeit gerne zur Verf\u00fcgung.<\/p>\n","protected":false},"excerpt":{"rendered":"<p>Auf Grund unserer langj\u00e4hrigen Planungserfahrung d\u00fcrfen wir auf riesige Anzahl von Projekten zur\u00fcckblicken. Privater Wohnbau, gemeinn\u00fctziger Wohnbau, Krankenh\u00e4user, Altenheime, Schulen und Einkaufszentren bilden lediglich einen kleinen \u00dcberblick \u00fcber die im Laufe der letzten f\u00fcnfzig Jahren durchgef\u00fchrten Planungs-, und Bau\u00fcberwachungsaufgaben. Falls &hellip; <a href=\"https:\/\/www2.tb-hanel.at\/wordpress\/?page_id=606\">Weiterlesen <span class=\"meta-nav\">&rarr;<\/span><\/a><\/p>\n","protected":false},"author":1,"featured_media":0,"parent":0,"menu_order":0,"comment_status":"closed","ping_status":"closed","template":"sidebar-page.php","meta":[],"_links":{"self":[{"href":"https:\/\/www2.tb-hanel.at\/wordpress\/index.php?rest_route=\/wp\/v2\/pages\/606"}],"collection":[{"href":"https:\/\/www2.tb-hanel.at\/wordpress\/index.php?rest_route=\/wp\/v2\/pages"}],"about":[{"href":"https:\/\/www2.tb-hanel.at\/wordpress\/index.php?rest_route=\/wp\/v2\/types\/page"}],"author":[{"embeddable":true,"href":"https:\/\/www2.tb-hanel.at\/wordpress\/index.php?rest_route=\/wp\/v2\/users\/1"}],"replies":[{"embeddable":true,"href":"https:\/\/www2.tb-hanel.at\/wordpress\/index.php?rest_route=%2Fwp%2Fv2%2Fcomments&post=606"}],"version-history":[{"count":3,"href":"https:\/\/www2.tb-hanel.at\/wordpress\/index.php?rest_route=\/wp\/v2\/pages\/606\/revisions"}],"predecessor-version":[{"id":657,"href":"https:\/\/www2.tb-hanel.at\/wordpress\/index.php?rest_route=\/wp\/v2\/pages\/606\/revisions\/657"}],"wp:attachment":[{"href":"https:\/\/www2.tb-hanel.at\/wordpress\/index.php?rest_route=%2Fwp%2Fv2%2Fmedia&parent=606"}],"curies":[{"name":"wp","href":"https:\/\/api.w.org\/{rel}","templated":true}]}}