{"id":292,"date":"2013-04-01T11:01:21","date_gmt":"2013-04-01T10:01:21","guid":{"rendered":"http:\/\/ginfl.synology.me\/wordpress\/?page_id=292"},"modified":"2013-10-02T20:01:19","modified_gmt":"2013-10-02T19:01:19","slug":"photovoltaik","status":"publish","type":"page","link":"https:\/\/www2.tb-hanel.at\/wordpress\/?page_id=292","title":{"rendered":"Photovoltaik"},"content":{"rendered":"<p><span style=\"font-size: small;\">In Punkto Stromerzeugung gilt Solarstrom bzw. Photovoltaik unumstritten als Technologie\u00a0<\/span><span style=\"font-size: small;\">des 21. Jahrhunderts.<\/span><\/p>\n<p><span style=\"font-size: small;\">Unser Ingenieurb\u00fcro ist schon seit Ende der 1990er Jahre mit der Planung und Beratung f\u00fcr die Errichtung dieser zukunftsweisenden Energieerzeugung besch\u00e4ftigt. Das TB-Hanel hat nat\u00fcrlich auch selbst in diese umweltbewusste Technologie investiert und betreibt f\u00fcr die Stromversorgung der eigenen B\u00fcror\u00e4umlichkeiten eine 10kVA Photovoltaikanlage wobei die \u00fcbersch\u00fcssige Energie in das Netz der <a title=\"Innsbrucker Kommunalbetriebe AG\" href=\"http:\/\/www.ikb.at\/strom.html\" target=\"_blank\">IKB AG<\/a> zur\u00fcck eingespeist wird. Wir beraten, planen f\u00fcr unsere Kunden Photovoltaikanlagen, f\u00fchren die Einreichung durch und wickeln die komplette \u00d6kostromf\u00f6rderung ab. Der Kunde profitiert von unserer Erfahrung ins Sachen Photovoltaik von Planuungsbeginn an \u00fcber die Herstellungs\u00fcberwachung bis zur Abnahme mit Anschaltung an das \u00f6ffentliche Netz.<\/span><\/p>\n<p><span style=\"font-size: small;\">Die Photovoltaikanlage erzeugt \u00fcber das ganze Jahr Strom aus Sonnenlicht und das nicht nur an sonnigen und klaren Tagen. Auch an bew\u00f6lkten Tagen kann Strom geerntet werden, wenn auch mit niedriger Leistung. Der Strom wird von einem separaten Einspeisez\u00e4hler erfasst und in das \u00f6ffentliche Stromnetz eingespeist. Daf\u00fcr erh\u00e4lt man vom \u00f6rtlichen EVU einen gesetzlich festgelegten Einspeisetarif. Bei dieser Verfahrensregelung besteht also keinerlei Risiko. <\/span><br \/>\n<span style=\"font-size: small;\"> Die Verbreitung dieser Technologie ist daher \u00f6kologisch wie \u00f6konomisch sinnvoll. Wer eine Photovoltaikanlage betreibt, leistet aktiv einen pers\u00f6nlichen Beitrag zum Schutz unserer Erde, denn er tr\u00e4gt dazu bei, dass die Produktion von Kohlendioxid vermindert wird.\u00a0<\/span><span style=\"font-size: small;\">Die Photovoltaikanlage erzeugt weder L\u00e4rm noch Abgase. Innerhalb weniger Jahre hat die Anlage die zu ihrer Herstellung ben\u00f6tigte Energie selbst wieder erzeugt.<\/span>.<\/p>\n<p><span style=\"font-size: small;\">Nach einigen Jahren hat sich die Investition auch amortisiert und es wird ein monatlicher Gewinn erzielt. Zu dieser Rendite kommt das gute Gef\u00fchl, etwas f\u00fcr die Umwelt und somit f\u00fcr unsere Erde getan zu haben.<\/span><\/p>\n<p><span style=\"font-size: small;\">Mit einer Photovoltaikanlage \u00a0zeigen Sie, dass Sie zukunftsorientiert denken und Ihren pers\u00f6nlichen Beitrag zum Schutz der Umwelt leisten m\u00f6chten.<\/span><\/p>\n<p><strong><span style=\"font-size: small;\">Unter\u00a0Photovoltaik\u00a0versteht man die direkte Umwandlung von\u00a0<a title=\"Lichtenergie\" href=\"http:\/\/de.wikipedia.org\/wiki\/Lichtenergie\" target=\"_blank\">Lichtenergie<\/a>, meist aus Sonnenlicht, in\u00a0<a title=\"Elektrische Energie\" href=\"http:\/\/de.wikipedia.org\/wiki\/Elektrische_Energie\" target=\"_blank\">elektrische Energie<\/a>\u00a0mittels\u00a0<a title=\"Solarzelle\" href=\"http:\/\/de.wikipedia.org\/wiki\/Solarzelle\" target=\"_blank\">Solarzellen<\/a>. Seit 1958 wird sie in der Raumfahrt genutzt (\u201e<a title=\"Solarmodul\" href=\"http:\/\/de.wikipedia.org\/wiki\/Solarmodul\" target=\"_blank\">Sonnensegel<\/a>\u201c). Inzwischen wird sie \u00fcberwiegend auf der Erde zur\u00a0<a title=\"Stromerzeugung\" href=\"http:\/\/de.wikipedia.org\/wiki\/Stromerzeugung\" target=\"_blank\">Stromerzeugung<\/a>\u00a0eingesetzt und findet unter anderem Anwendung auf\u00a0<a title=\"Dachfl\u00e4che\" href=\"http:\/\/de.wikipedia.org\/wiki\/Dachfl%C3%A4che\" target=\"_blank\">Dachfl\u00e4chen<\/a>, bei\u00a0<a title=\"Parkscheinautomat\" href=\"http:\/\/de.wikipedia.org\/wiki\/Parkscheinautomat\" target=\"_blank\">Parkscheinautomaten<\/a>, in<a title=\"Taschenrechner\" href=\"http:\/\/de.wikipedia.org\/wiki\/Taschenrechner\" target=\"_blank\">Taschenrechnern<\/a>, an\u00a0<a title=\"Schallschutzwand\" href=\"http:\/\/de.wikipedia.org\/wiki\/Schallschutzwand\" target=\"_blank\">Schallschutzw\u00e4nden<\/a>\u00a0und auf\u00a0<a title=\"Freifl\u00e4che (Fl\u00e4chennutzung)\" href=\"http:\/\/de.wikipedia.org\/wiki\/Freifl%C3%A4che_(Fl%C3%A4chennutzung)\" target=\"_blank\">Freifl\u00e4chen<\/a>.<\/span><\/strong><\/p>\n<p><strong><span style=\"font-size: small;\">\u00a0<\/span><\/strong><strong><span style=\"font-size: small;\">Quelle www.wikipedia.de<\/span><\/strong><\/p>\n","protected":false},"excerpt":{"rendered":"<p>In Punkto Stromerzeugung gilt Solarstrom bzw. Photovoltaik unumstritten als Technologie\u00a0des 21. Jahrhunderts. Unser Ingenieurb\u00fcro ist schon seit Ende der 1990er Jahre mit der Planung und Beratung f\u00fcr die Errichtung dieser zukunftsweisenden Energieerzeugung besch\u00e4ftigt. Das TB-Hanel hat nat\u00fcrlich auch selbst in &hellip; <a href=\"https:\/\/www2.tb-hanel.at\/wordpress\/?page_id=292\">Weiterlesen <span class=\"meta-nav\">&rarr;<\/span><\/a><\/p>\n","protected":false},"author":1,"featured_media":0,"parent":0,"menu_order":5,"comment_status":"closed","ping_status":"closed","template":"showcase.php","meta":[],"_links":{"self":[{"href":"https:\/\/www2.tb-hanel.at\/wordpress\/index.php?rest_route=\/wp\/v2\/pages\/292"}],"collection":[{"href":"https:\/\/www2.tb-hanel.at\/wordpress\/index.php?rest_route=\/wp\/v2\/pages"}],"about":[{"href":"https:\/\/www2.tb-hanel.at\/wordpress\/index.php?rest_route=\/wp\/v2\/types\/page"}],"author":[{"embeddable":true,"href":"https:\/\/www2.tb-hanel.at\/wordpress\/index.php?rest_route=\/wp\/v2\/users\/1"}],"replies":[{"embeddable":true,"href":"https:\/\/www2.tb-hanel.at\/wordpress\/index.php?rest_route=%2Fwp%2Fv2%2Fcomments&post=292"}],"version-history":[{"count":5,"href":"https:\/\/www2.tb-hanel.at\/wordpress\/index.php?rest_route=\/wp\/v2\/pages\/292\/revisions"}],"predecessor-version":[{"id":613,"href":"https:\/\/www2.tb-hanel.at\/wordpress\/index.php?rest_route=\/wp\/v2\/pages\/292\/revisions\/613"}],"wp:attachment":[{"href":"https:\/\/www2.tb-hanel.at\/wordpress\/index.php?rest_route=%2Fwp%2Fv2%2Fmedia&parent=292"}],"curies":[{"name":"wp","href":"https:\/\/api.w.org\/{rel}","templated":true}]}}