{"id":131,"date":"2013-02-10T23:11:48","date_gmt":"2013-02-10T22:11:48","guid":{"rendered":"http:\/\/ginfl.synology.me\/wordpress\/?page_id=131"},"modified":"2013-10-02T21:00:56","modified_gmt":"2013-10-02T20:00:56","slug":"offentliche-bauten","status":"publish","type":"page","link":"https:\/\/www2.tb-hanel.at\/wordpress\/?page_id=131","title":{"rendered":"Zweckbau"},"content":{"rendered":"<p>In Einkaufszentren, Banken sowie B\u00fcro und Gesch\u00e4ftsfl\u00e4chen stellen oftmals spezielle Anforderungen an die elektrotechnische Infrastruktur. Alarmanlagen, zentrale Netzwerksysteme, Installationen f\u00fcr die Geb\u00e4udeautomatisierung etc. sind in diesen Bereichen oft sehr speziell zu planen und auszuf\u00fchren.<\/p>\n","protected":false},"excerpt":{"rendered":"<p>In Einkaufszentren, Banken sowie B\u00fcro und Gesch\u00e4ftsfl\u00e4chen stellen oftmals spezielle Anforderungen an die elektrotechnische Infrastruktur. Alarmanlagen, zentrale Netzwerksysteme, Installationen f\u00fcr die Geb\u00e4udeautomatisierung etc. sind in diesen Bereichen oft sehr speziell zu planen und auszuf\u00fchren.<\/p>\n","protected":false},"author":1,"featured_media":0,"parent":606,"menu_order":0,"comment_status":"closed","ping_status":"closed","template":"sidebar-page.php","meta":[],"_links":{"self":[{"href":"https:\/\/www2.tb-hanel.at\/wordpress\/index.php?rest_route=\/wp\/v2\/pages\/131"}],"collection":[{"href":"https:\/\/www2.tb-hanel.at\/wordpress\/index.php?rest_route=\/wp\/v2\/pages"}],"about":[{"href":"https:\/\/www2.tb-hanel.at\/wordpress\/index.php?rest_route=\/wp\/v2\/types\/page"}],"author":[{"embeddable":true,"href":"https:\/\/www2.tb-hanel.at\/wordpress\/index.php?rest_route=\/wp\/v2\/users\/1"}],"replies":[{"embeddable":true,"href":"https:\/\/www2.tb-hanel.at\/wordpress\/index.php?rest_route=%2Fwp%2Fv2%2Fcomments&post=131"}],"version-history":[{"count":3,"href":"https:\/\/www2.tb-hanel.at\/wordpress\/index.php?rest_route=\/wp\/v2\/pages\/131\/revisions"}],"predecessor-version":[{"id":635,"href":"https:\/\/www2.tb-hanel.at\/wordpress\/index.php?rest_route=\/wp\/v2\/pages\/131\/revisions\/635"}],"up":[{"embeddable":true,"href":"https:\/\/www2.tb-hanel.at\/wordpress\/index.php?rest_route=\/wp\/v2\/pages\/606"}],"wp:attachment":[{"href":"https:\/\/www2.tb-hanel.at\/wordpress\/index.php?rest_route=%2Fwp%2Fv2%2Fmedia&parent=131"}],"curies":[{"name":"wp","href":"https:\/\/api.w.org\/{rel}","templated":true}]}}