{"id":128,"date":"2013-02-10T23:11:02","date_gmt":"2013-02-10T22:11:02","guid":{"rendered":"http:\/\/ginfl.synology.me\/wordpress\/?page_id=128"},"modified":"2013-10-02T20:59:04","modified_gmt":"2013-10-02T19:59:04","slug":"gemeinnutziger-wohnbau","status":"publish","type":"page","link":"https:\/\/www2.tb-hanel.at\/wordpress\/?page_id=128","title":{"rendered":"Wohnbau"},"content":{"rendered":"<p>Sowohl \u00f6ffentliche Einrichtungen als auch private Bautr\u00e4ger und Privatpersonen geh\u00f6ren zu unserem gesch\u00e4tzten Kundenkreis<\/p>\n","protected":false},"excerpt":{"rendered":"<p>Sowohl \u00f6ffentliche Einrichtungen als auch private Bautr\u00e4ger und Privatpersonen geh\u00f6ren zu unserem gesch\u00e4tzten Kundenkreis<\/p>\n","protected":false},"author":1,"featured_media":0,"parent":606,"menu_order":1,"comment_status":"closed","ping_status":"closed","template":"sidebar-page.php","meta":[],"_links":{"self":[{"href":"https:\/\/www2.tb-hanel.at\/wordpress\/index.php?rest_route=\/wp\/v2\/pages\/128"}],"collection":[{"href":"https:\/\/www2.tb-hanel.at\/wordpress\/index.php?rest_route=\/wp\/v2\/pages"}],"about":[{"href":"https:\/\/www2.tb-hanel.at\/wordpress\/index.php?rest_route=\/wp\/v2\/types\/page"}],"author":[{"embeddable":true,"href":"https:\/\/www2.tb-hanel.at\/wordpress\/index.php?rest_route=\/wp\/v2\/users\/1"}],"replies":[{"embeddable":true,"href":"https:\/\/www2.tb-hanel.at\/wordpress\/index.php?rest_route=%2Fwp%2Fv2%2Fcomments&post=128"}],"version-history":[{"count":3,"href":"https:\/\/www2.tb-hanel.at\/wordpress\/index.php?rest_route=\/wp\/v2\/pages\/128\/revisions"}],"predecessor-version":[{"id":572,"href":"https:\/\/www2.tb-hanel.at\/wordpress\/index.php?rest_route=\/wp\/v2\/pages\/128\/revisions\/572"}],"up":[{"embeddable":true,"href":"https:\/\/www2.tb-hanel.at\/wordpress\/index.php?rest_route=\/wp\/v2\/pages\/606"}],"wp:attachment":[{"href":"https:\/\/www2.tb-hanel.at\/wordpress\/index.php?rest_route=%2Fwp%2Fv2%2Fmedia&parent=128"}],"curies":[{"name":"wp","href":"https:\/\/api.w.org\/{rel}","templated":true}]}}