{"id":102,"date":"2013-02-10T22:35:51","date_gmt":"2013-02-10T21:35:51","guid":{"rendered":"http:\/\/ginfl.synology.me\/wordpress\/?page_id=102"},"modified":"2022-01-26T19:55:00","modified_gmt":"2022-01-26T18:55:00","slug":"impressum","status":"publish","type":"page","link":"https:\/\/www2.tb-hanel.at\/wordpress\/?page_id=102","title":{"rendered":"Impressum"},"content":{"rendered":"\n<h2 id=\"impressum\">Impressum<\/h2>\n\n\n\n<div class=\"wp-block-columns\">\n<div class=\"wp-block-column\" style=\"flex-basis:33%\">\n<p><strong>Firmenname:<\/strong><\/p>\n<\/div>\n\n\n\n<div class=\"wp-block-column\" style=\"flex-basis:70%\">\n<p style=\"text-align: left;\">TB-Peter Hanel Technisches B\u00fcro f\u00fcr<br \/>Elektrotechnik Gesellschaft m.b.H.<\/p>\n<\/div>\n<\/div>\n\n\n\n<div class=\"wp-block-columns\">\n<div class=\"wp-block-column\" style=\"flex-basis:33%\">\n<p><strong>Unternehmensgegenstand:<\/strong><\/p>\n<\/div>\n\n\n\n<div class=\"wp-block-column\" style=\"flex-basis:70%\">\n<p style=\"text-align: left;\">Beratung, Verfassung von Pl\u00e4nen und Berechnungen von Technischen Anlagen und Einrichtungen, ferner von Maschinen und Werkzeugen auf dem Fachgebiet der Elektrotechnik<\/p>\n<\/div>\n<\/div>\n\n\n\n<div class=\"wp-block-columns\">\n<div class=\"wp-block-column\" style=\"flex-basis:33%\">\n<p><strong>Webseitenbetreiber:<br \/>Firmenbuchnummer:<br \/><\/strong><strong>Firmenbuchgericht:<\/strong><\/p>\n<p><strong>Anschrift:<br \/>UID-Nr:<br \/>Gewerbeaufsichtsbeh\u00f6rde:<\/strong><\/p>\n<p><strong>Kontaktdaten:<br \/><br \/><\/strong><\/p>\n<p><strong>Gesch\u00e4ftsf\u00fchrung:<\/strong><\/p>\n<p><strong>Weiterf\u00fchrende Informationen:<\/strong><\/p>\n<p><strong><br \/><\/strong><\/p>\n<\/div>\n\n\n\n<div class=\"wp-block-column\" style=\"flex-basis:70%\">\n<p style=\"text-align: left;\">TB-Hanel<br \/>47792h<br \/>Landesgericht Innsbruck<\/p>\n<p>Resselstrasse 41, 6020 Innsbruck<br \/>ATU31714400<br \/>Magistrat der Stadt Innsbruck<\/p>\n<p>Telefon: 0512 343239<br \/>Email: office@tb-hanel.at<br \/>Fax: 0512 343239-20<br \/>Ing. G\u00fcnter Hanel<\/p>\n<p><\/p>\n<p><a href=\"https:\/\/firmen.wko.at\/tb-peter-hanel-technisches-b%c3%bcro-f%c3%bcr-elektrotechnik-gesellschaft-mbh-ingenieurb%c3%bcro-hanel\/tirol\/?firmaid=a4a13b1c-47c6-4291-8c51-d2199e31ee1a&amp;suchbegriff=tb%20hanel\">WKO Firmen A-Z<\/a><\/p>\n<p><\/p>\n<p>\u00a0<\/p>\n<\/div>\n<\/div>\n\n\n\n<p><\/p>\n\n\n\n<p><strong>Haftungsausschluss:<\/strong>&nbsp;Trotz sorgf\u00e4ltiger inhaltlicher Kontrolle \u00fcbernimmt der Webseitenbetreiber dieser Webseite keine Haftung f\u00fcr die Inhalte externer Links. F\u00fcr den Inhalt der verlinkten Seiten sind ausschlie\u00dflich deren Betreiber verantwortlich. Sollten Sie dennoch auf ausgehende Links aufmerksam werden, welche auf eine Webseite mit rechtswidriger T\u00e4tigkeit\/Information verweisen, ersuchen wir um dementsprechenden Hinweis, um diese nach \u00a7 17 Abs. 2 ECG umgehend zu entfernen.<br>Die Urheberrechte Dritter werden vom Betreiber dieser Webseite mit gr\u00f6\u00dfter Sorgfalt beachtet. Sollten Sie trotzdem auf eine Urheberrechtsverletzung aufmerksam werden, bitten wir um einen entsprechenden Hinweis. Bei Bekanntwerden derartiger Rechtsverletzungen werden wir den betroffenen Inhalt umgehend entfernen.<\/p>\n\n\n\n<p><\/p>\n","protected":false},"excerpt":{"rendered":"<p>Impressum Firmenname: TB-Peter Hanel Technisches B\u00fcro f\u00fcrElektrotechnik Gesellschaft m.b.H. Unternehmensgegenstand: Beratung, Verfassung von Pl\u00e4nen und Berechnungen von Technischen Anlagen und Einrichtungen, ferner von Maschinen und Werkzeugen auf dem Fachgebiet der Elektrotechnik Firmenbuchgericht: Anschrift:UID-Nr:Gewerbeaufsichtsbeh\u00f6rde: Kontaktdaten: Gesch\u00e4ftsf\u00fchrung: Weiterf\u00fchrende Informationen: WKO Firmen A-Z &hellip; <a href=\"https:\/\/www2.tb-hanel.at\/wordpress\/?page_id=102\">Weiterlesen <span class=\"meta-nav\">&rarr;<\/span><\/a><\/p>\n","protected":false},"author":1,"featured_media":0,"parent":0,"menu_order":0,"comment_status":"closed","ping_status":"closed","template":"showcase.php","meta":[],"_links":{"self":[{"href":"https:\/\/www2.tb-hanel.at\/wordpress\/index.php?rest_route=\/wp\/v2\/pages\/102"}],"collection":[{"href":"https:\/\/www2.tb-hanel.at\/wordpress\/index.php?rest_route=\/wp\/v2\/pages"}],"about":[{"href":"https:\/\/www2.tb-hanel.at\/wordpress\/index.php?rest_route=\/wp\/v2\/types\/page"}],"author":[{"embeddable":true,"href":"https:\/\/www2.tb-hanel.at\/wordpress\/index.php?rest_route=\/wp\/v2\/users\/1"}],"replies":[{"embeddable":true,"href":"https:\/\/www2.tb-hanel.at\/wordpress\/index.php?rest_route=%2Fwp%2Fv2%2Fcomments&post=102"}],"version-history":[{"count":11,"href":"https:\/\/www2.tb-hanel.at\/wordpress\/index.php?rest_route=\/wp\/v2\/pages\/102\/revisions"}],"predecessor-version":[{"id":655,"href":"https:\/\/www2.tb-hanel.at\/wordpress\/index.php?rest_route=\/wp\/v2\/pages\/102\/revisions\/655"}],"wp:attachment":[{"href":"https:\/\/www2.tb-hanel.at\/wordpress\/index.php?rest_route=%2Fwp%2Fv2%2Fmedia&parent=102"}],"curies":[{"name":"wp","href":"https:\/\/api.w.org\/{rel}","templated":true}]}}